{"id":42,"date":"2011-04-11T18:35:58","date_gmt":"2011-04-11T18:35:58","guid":{"rendered":"http:\/\/www.demmelhuber.info\/press\/?page_id=42"},"modified":"2022-06-11T12:35:39","modified_gmt":"2022-06-11T12:35:39","slug":"home-2","status":"publish","type":"page","link":"https:\/\/www.demmelhuber.info\/press\/","title":{"rendered":"Home"},"content":{"rendered":"\n<p class=\"has-cyan-bluish-gray-color has-text-color\"><strong><br><a href=\"https:\/\/www.demmelhuber.info\/press\/mandatsuebernahme\/\" data-type=\"URL\" data-id=\"https:\/\/www.demmelhuber.info\/press\/mandatsuebernahme\/\">Dr. Walter Demmelhuber<\/a><\/strong><br><br><br><br><\/p>\n\n\n\n<p><strong>Es ist nicht die st\u00e4rkste Spezies, die \u00fcberlebt,<br> auch nicht die intelligenteste,<br> sondern diejenige die am besten auf Ver\u00e4nderungen reagiert.<\/strong><\/p>\n\n\n\n<p><em><br> Charles Robert Darwin<br> (1809-1882, englischer Naturforscher)<\/em><br><br><br><\/p>\n","protected":false},"excerpt":{"rendered":"<p>Dr. Walter Demmelhuber Es ist nicht die st\u00e4rkste Spezies, die \u00fcberlebt, auch nicht die intelligenteste, sondern diejenige die am besten auf Ver\u00e4nderungen reagiert. Charles Robert Darwin (1809-1882, englischer Naturforscher)<\/p>\n","protected":false},"author":1,"featured_media":0,"parent":0,"menu_order":0,"comment_status":"closed","ping_status":"open","template":"","meta":{"footnotes":""},"class_list":["post-42","page","type-page","status-publish","hentry"],"_links":{"self":[{"href":"https:\/\/www.demmelhuber.info\/press\/wp-json\/wp\/v2\/pages\/42","targetHints":{"allow":["GET"]}}],"collection":[{"href":"https:\/\/www.demmelhuber.info\/press\/wp-json\/wp\/v2\/pages"}],"about":[{"href":"https:\/\/www.demmelhuber.info\/press\/wp-json\/wp\/v2\/types\/page"}],"author":[{"embeddable":true,"href":"https:\/\/www.demmelhuber.info\/press\/wp-json\/wp\/v2\/users\/1"}],"replies":[{"embeddable":true,"href":"https:\/\/www.demmelhuber.info\/press\/wp-json\/wp\/v2\/comments?post=42"}],"version-history":[{"count":18,"href":"https:\/\/www.demmelhuber.info\/press\/wp-json\/wp\/v2\/pages\/42\/revisions"}],"predecessor-version":[{"id":594,"href":"https:\/\/www.demmelhuber.info\/press\/wp-json\/wp\/v2\/pages\/42\/revisions\/594"}],"wp:attachment":[{"href":"https:\/\/www.demmelhuber.info\/press\/wp-json\/wp\/v2\/media?parent=42"}],"curies":[{"name":"wp","href":"https:\/\/api.w.org\/{rel}","templated":true}]}}