{"id":399,"date":"2020-01-02T10:50:10","date_gmt":"2020-01-02T10:50:10","guid":{"rendered":"http:\/\/www.demmelhuber.info\/press\/?page_id=399"},"modified":"2020-01-02T21:31:36","modified_gmt":"2020-01-02T21:31:36","slug":"unternehmerischer-persoenlichkeitstest","status":"publish","type":"page","link":"https:\/\/www.demmelhuber.info\/press\/unternehmerischer-persoenlichkeitstest\/","title":{"rendered":"Unternehmerischer Pers\u00f6nlichkeitstest"},"content":{"rendered":"\n<p>Entwicklung eines Pers\u00f6nlichkeitstest zur Feststellung von unternehmerischen Kompetenzen basierend auf<\/p>\n\n\n\n<ul class=\"wp-block-list\"><li>Neugierde<\/li><li>Risikoakzeptanz<\/li><li>Resilienz<\/li><li>Leidenschaft<\/li><\/ul>\n\n\n\n<p>Dieser  Pers\u00f6nlichkeitstest  ist gegenw\u00e4rtig in Entwicklung in Zusammenarbeit mit akademischen Lehrst\u00fchlen und Partnerunternehmen.<\/p>\n\n\n\n<p><strong>Ver\u00f6ffentlichungen<\/strong><\/p>\n\n\n\n<p>&#8211; GEO Wissen Nr. 66: <a href=\"https:\/\/www.geo.de\/magazine\/geo-wissen\/19986-rtkl-widerstandskraft-resilienz-das-geheimnis-der-inneren-staerke\">Resilienz: Das Geheimnis der inneren St\u00e4rke<\/a>; Katharina Jakob<br>&#8211; Spiegel Online 06.08.2018: <a rel=\"noreferrer noopener\" aria-label=\" (\u00f6ffnet in neuem Tab)\" href=\"https:\/\/www.geo.de\/magazine\/geo-wissen\/19986-rtkl-widerstandskraft-resilienz-das-geheimnis-der-inneren-staerke\" target=\"_blank\">Was macht einen Menschen zum Anf\u00fchrer<\/a>; Lena Puttfarcken<br>&#8211; 11.09.2015: 21 Pfade f\u00fcr die erfolgreiche F\u00fchrung von Menschen: Konsequent, essenziell, vertrauensvoll; Bernd Wildenmann<br>&#8211; Harvard Business Manager 07.2018: Aus Potenzial wird Kompetenz; Claudio Fernandez-Araoz, Andrew Roscoe, Kentaro Aramaki<br>&#8211; Neuscience 03.08.2018: Computational and neurobiologicalfoundations of leadership decisions; Micah G. Edelson1, Rafael Polania, Christian C. Ruff, Ernst Fehr, Todd A. Hare<\/p>\n\n\n\n<p><\/p>\n","protected":false},"excerpt":{"rendered":"<p>Entwicklung eines Pers\u00f6nlichkeitstest zur Feststellung von unternehmerischen Kompetenzen basierend auf Neugierde Risikoakzeptanz Resilienz Leidenschaft Dieser Pers\u00f6nlichkeitstest ist gegenw\u00e4rtig in Entwicklung in Zusammenarbeit mit akademischen Lehrst\u00fchlen und Partnerunternehmen. Ver\u00f6ffentlichungen &#8211; GEO Wissen Nr. 66: Resilienz: Das Geheimnis der inneren St\u00e4rke; Katharina<\/p>\n","protected":false},"author":1,"featured_media":0,"parent":0,"menu_order":0,"comment_status":"closed","ping_status":"closed","template":"","meta":{"footnotes":""},"class_list":["post-399","page","type-page","status-publish","hentry"],"_links":{"self":[{"href":"https:\/\/www.demmelhuber.info\/press\/wp-json\/wp\/v2\/pages\/399","targetHints":{"allow":["GET"]}}],"collection":[{"href":"https:\/\/www.demmelhuber.info\/press\/wp-json\/wp\/v2\/pages"}],"about":[{"href":"https:\/\/www.demmelhuber.info\/press\/wp-json\/wp\/v2\/types\/page"}],"author":[{"embeddable":true,"href":"https:\/\/www.demmelhuber.info\/press\/wp-json\/wp\/v2\/users\/1"}],"replies":[{"embeddable":true,"href":"https:\/\/www.demmelhuber.info\/press\/wp-json\/wp\/v2\/comments?post=399"}],"version-history":[{"count":4,"href":"https:\/\/www.demmelhuber.info\/press\/wp-json\/wp\/v2\/pages\/399\/revisions"}],"predecessor-version":[{"id":452,"href":"https:\/\/www.demmelhuber.info\/press\/wp-json\/wp\/v2\/pages\/399\/revisions\/452"}],"wp:attachment":[{"href":"https:\/\/www.demmelhuber.info\/press\/wp-json\/wp\/v2\/media?parent=399"}],"curies":[{"name":"wp","href":"https:\/\/api.w.org\/{rel}","templated":true}]}}