{"id":397,"date":"2020-01-02T10:49:38","date_gmt":"2020-01-02T10:49:38","guid":{"rendered":"http:\/\/www.demmelhuber.info\/press\/?page_id=397"},"modified":"2025-03-09T11:50:41","modified_gmt":"2025-03-09T11:50:41","slug":"forschung-und-lehre","status":"publish","type":"page","link":"https:\/\/www.demmelhuber.info\/press\/forschung-und-lehre\/","title":{"rendered":"Forschung und Lehre"},"content":{"rendered":"\n<h4 class=\"wp-block-heading\">Praxisseminar mit Erfahrungen eines internationalen Unternehmens<\/h4>\n\n\n\n<p>Seit 2012 als Gastdozent t\u00e4tig an der <a href=\"https:\/\/www.it-management.rw.fau.de\/person\/dr-walter-demmelhuber\/\">Universit\u00e4t Erlangen N\u00fcrnberg<\/a> im Fachbereich Wirtschaftsschwerpunkt mit dem Fokus Vertrieb 4.0<\/p>\n\n\n\n<p>Der industrielle Ansatz ver\u00e4ndert sich schrittweise in Deutschland von einer technischen, innovationsgeleiteten Unternehmenskultur, welche jahrzehntelang erfolgreich technische Neuerungen im Markt platzieren konnte, zu einer kunden- und marktorientieren Ausrichtung der Unternehmen.<\/p>\n\n\n\n<p>Eine parallel verlaufende Entwicklung kann auch im b2b Bereich des Industrievertriebes beobachtet werden, wobei die Schritte langsamer verlaufen. Unter dem Schlagwort Vertrieb 4.0 zu sehen sind b2b eBusiness, eCommerce, und Supplier Portale und Einkaufsprozesse \u00fcber eAuction und eBidding. Neue Formen der Kundenpflege, der Demand Creation und der Digitalisierung des Marketings intensivieren und verbreitern den traditionellen Vertriebsweg.<\/p>\n\n\n\n<p>Dieses Seminar vermittelt die theoretischen und praktischen Grundlagen f\u00fcr die erfolgreiche Implementierung von eBusiness via eCommerce, eProcurement via eAuctions &amp; eBidding und Social Media in mittleren und gro\u00dfen Industrieunternehmen mit spezifischem Fokus auf b2b. Studenten werden nachvollziehen k\u00f6nnen, warum die Faktoren Vertrieb &amp; Customer Care, Logistik &amp; Supply Chain, und IT-Architektur essential sind f\u00fcr die erfolgreiche Einf\u00fchrung einer (b2b) eBusiness Niederlassung; das IT know-how spielt dabei eine v\u00f6llig untergeordnete Rolle.<\/p>\n\n\n\n<p>eAuction als Simulation: Teilnahme an einem Einkaufsspiel basierend auf Auktionen als Verk\u00e4ufer. Ein K\u00e4ufer wird unterschiedliche Auktionsformen nutzen, um von 6 (Sie) Lieferanten einzukaufen. Ihre Aufgabe ist, Bieterstrategien zu entwickeln, um die Profitabilit\u00e4t zu erhalten. Ein sehr spannendes Spiel, aber gleichzeitig fordernd, da Sie sowohl Umsatz als auch Profit im Auge behalten m\u00fcssen.<\/p>\n\n\n\n<p><strong>Schwerpunkte<\/strong><\/p>\n\n\n\n<ul class=\"wp-block-list\">\n<li>Auktionstheorie<\/li>\n\n\n\n<li>Vertrieb 1.0 &#8211; 4.0<\/li>\n\n\n\n<li>Influencer Marketing<\/li>\n\n\n\n<li>Telesales und Telemarketing<\/li>\n\n\n\n<li>VR Marketing<\/li>\n\n\n\n<li>Social Media &amp; Virales Marketing<\/li>\n\n\n\n<li>Preisfindung und Margenoptimierung<\/li>\n<\/ul>\n\n\n\n<p><strong>Eigene Ver\u00f6ffentlichungen<\/strong><\/p>\n\n\n\n<p><a href=\"https:\/\/www.demmelhuber.info\/press\/wp-content\/uploads\/2025\/03\/5-Gruende-fuer-ein-Aufsichtsgremium-im-Familienunternehmen-wd.pdf\">5 Gr\u00fcnde f\u00fcr ein Aufsichtsgremium im Familienunternehmen<\/a><\/p>\n\n\n\n<p><a href=\"https:\/\/www.demmelhuber.info\/press\/wp-content\/uploads\/2025\/03\/An-approach-to-show-and-repeat-the-winners-curse.pdf\">An Approach to Show and Repeat the Winner\u2019s Curse in Game Theory: The Cascade Effect in a Private Value Environment of B2B Auctions via the Beer Distribution Game by Walter Demmelhuber, Patrick Cato, Proceedings of the Third International Conference on E-Technologies and Business on the Web, Paris, France 2015<\/a><\/p>\n\n\n\n<p><a href=\"https:\/\/www.demmelhuber.info\/press\/wp-content\/uploads\/2025\/03\/An-investigation-into-the-Implementation-Factors.pdf\">An Investigation into the Implementation Factors Affecting the Success of Big Data Systems by Patrick Cato, Phillip G\u00f6lzer, Walter Demmelhuber, Proceedings of the 11th International IEEE Conference on Innovations in Information Technology, 2015<\/a><\/p>\n\n\n\n<p><a href=\"https:\/\/www.demmelhuber.info\/press\/wp-content\/uploads\/2025\/03\/Befristeter-Vorstand-2023.pdf\">Befristeter Vorstand<\/a><\/p>\n\n\n\n<p><a href=\"https:\/\/www.demmelhuber.info\/press\/wp-content\/uploads\/2025\/03\/Changing-Compentence-Profiles-Executive-Board-MercuriUrval.pdf\">Changing Compentence Profiles Executive Board MercuriUrval<\/a><\/p>\n\n\n\n<p><a href=\"https:\/\/www.demmelhuber.info\/press\/wp-content\/uploads\/2025\/03\/Dissertation-Walter-Demmelhuber.pdf\">Dissertation Walter Demmelhuber<\/a><\/p>\n\n\n\n<p><a href=\"https:\/\/www.demmelhuber.info\/press\/wp-content\/uploads\/2025\/03\/Einfluesse-auf-den-Implementierungserfolg.pdf\">Einfl\u00fcsse auf den Implementierungserfolg von NoSQL-Systemen:\u202f Erkenntnisse einer quantitativ-empirischen Untersuchung by Patrick Cato, Phillip G\u00f6lzer, Walter Demmelhuber, HMD Praxis der Wirtschaftsinformatik, 2016<\/a><\/p>\n\n\n\n<p><a href=\"https:\/\/www.demmelhuber.info\/press\/wp-content\/uploads\/2025\/03\/EU-Student-Language-Discrimination.pdf\">EU-Student Language Discrimination<\/a><\/p>\n\n\n\n<p><a href=\"https:\/\/www.demmelhuber.info\/press\/wp-content\/uploads\/2025\/03\/EU-Studenten-Sprachdiskriminierung.pdf\">EU-Studenten Sprachdiskriminierung<\/a><\/p>\n\n\n\n<p><a href=\"https:\/\/www.demmelhuber.info\/press\/wp-content\/uploads\/2025\/03\/Evaluation-of-Legal-Limitations.pdf\">Evaluation of Legal Limitations<\/a><\/p>\n\n\n\n<p><a href=\"https:\/\/www.demmelhuber.info\/press\/wp-content\/uploads\/2025\/03\/Familienunternehmen-Go-Disruptive.pdf\">Familienunternehmen Go Disruptive<\/a><\/p>\n\n\n\n<p>I<a href=\"https:\/\/www.demmelhuber.info\/press\/wp-content\/uploads\/2025\/03\/Impact-of-Big-Data-on-Value-Creation.pdf\">mpact of Big Data Technologies on Value Creation by Patrick Cato, Phillip G\u00f6lzer, Walter Demmelhuber, Proceedings of the 6th Annual Conference on ICT: Big Data, Cloud and Security (ICT-BDCS), Singapore, 2015<\/a><\/p>\n\n\n\n<p><a href=\"http:\/\/Mandat Vorstand Datenschutz\">Mandat Vorstand Datenschutz<\/a><\/p>\n\n\n\n<p><a href=\"https:\/\/www.demmelhuber.info\/press\/wp-content\/uploads\/2025\/03\/Obstacles-to-Global-B2C-eCommerce.pdf\">Obstacles To Global B2C eCommerce From China And The USA Depending On Local Fiscal and Customs Regulations by Walter Demmelhuber, Patrick Cato, International Proceedings of Economics Development and Research (IPEDR), 2016<\/a><\/p>\n\n\n\n<p><a href=\"https:\/\/www.demmelhuber.info\/press\/wp-content\/uploads\/2025\/03\/Schluesselkennzahlen-fuer-den-Aufsichtsrat-wd.pdf\">Schl\u00fcsselkennzahlen f\u00fcr den Aufsichtsrat<\/a><\/p>\n\n\n\n<p><a href=\"https:\/\/www.demmelhuber.info\/press\/wp-content\/uploads\/2025\/03\/The-European-Court-of-Justice-advancing-student-mobility.pdf\">The European Court of Justice advancing student mobility<\/a><\/p>\n\n\n\n<p><a href=\"https:\/\/www.demmelhuber.info\/press\/wp-content\/uploads\/2025\/03\/Vorteile-Aufsichtsrat-wd.pdf\">Vorteile Aufsichtsrat<\/a><\/p>\n\n\n\n<p><a href=\"https:\/\/www.demmelhuber.info\/press\/wp-content\/uploads\/2025\/03\/Vortrag-Big-Data-Pricing.pdf\">Vortrag Big Data Pricing<\/a><\/p>\n\n\n\n<p><a href=\"https:\/\/www.demmelhuber.info\/press\/wp-content\/uploads\/2025\/03\/Deutschlands-Aufstieg-zum-Exportweltmeister-und-der-Einfluss-des-Koreakriegs.pdf\">Deutschlands Aufstieg zum Exportweltmeister und der Einfluss<\/a><\/p>\n\n\n\n<p><a href=\"https:\/\/www.demmelhuber.info\/press\/wp-content\/uploads\/2025\/03\/Die-Innovationsfalle-des-deutschen-Maschinenbaus.pdf\">Die Innovationsfalle des deutschen Maschinenbaus<\/a><\/p>\n\n\n\n<p><a href=\"https:\/\/www.demmelhuber.info\/press\/wp-content\/uploads\/2025\/03\/Die-Kompetenzgrenze-des-Aufsichtsrats.pdf\">Die Kompetenzgrenze des Aufsichtsrats<\/a><\/p>\n\n\n\n<p><a href=\"https:\/\/www.researchgate.net\/publication\/274251881_Evaluation_of_Legal_Limitations_regarding_the_Mobility_of_Digital_Media_in_the_European_Union\">Evaluation of Legal Limitations regarding the Mobility of Digital Media in the European Union by Walter Demmelhuber, Patrick Cato, Proceedings of the Third International Conference on E-Technologies and Business on the Web, Paris, France 2015<\/a><\/p>\n","protected":false},"excerpt":{"rendered":"<p>Praxisseminar mit Erfahrungen eines internationalen Unternehmens Seit 2012 als Gastdozent t\u00e4tig an der Universit\u00e4t Erlangen N\u00fcrnberg im Fachbereich Wirtschaftsschwerpunkt mit dem Fokus Vertrieb 4.0 Der industrielle Ansatz ver\u00e4ndert sich schrittweise in Deutschland von einer technischen, innovationsgeleiteten Unternehmenskultur, welche jahrzehntelang erfolgreich<\/p>\n","protected":false},"author":1,"featured_media":0,"parent":0,"menu_order":0,"comment_status":"closed","ping_status":"closed","template":"","meta":{"footnotes":""},"class_list":["post-397","page","type-page","status-publish","hentry"],"_links":{"self":[{"href":"https:\/\/www.demmelhuber.info\/press\/wp-json\/wp\/v2\/pages\/397","targetHints":{"allow":["GET"]}}],"collection":[{"href":"https:\/\/www.demmelhuber.info\/press\/wp-json\/wp\/v2\/pages"}],"about":[{"href":"https:\/\/www.demmelhuber.info\/press\/wp-json\/wp\/v2\/types\/page"}],"author":[{"embeddable":true,"href":"https:\/\/www.demmelhuber.info\/press\/wp-json\/wp\/v2\/users\/1"}],"replies":[{"embeddable":true,"href":"https:\/\/www.demmelhuber.info\/press\/wp-json\/wp\/v2\/comments?post=397"}],"version-history":[{"count":8,"href":"https:\/\/www.demmelhuber.info\/press\/wp-json\/wp\/v2\/pages\/397\/revisions"}],"predecessor-version":[{"id":739,"href":"https:\/\/www.demmelhuber.info\/press\/wp-json\/wp\/v2\/pages\/397\/revisions\/739"}],"wp:attachment":[{"href":"https:\/\/www.demmelhuber.info\/press\/wp-json\/wp\/v2\/media?parent=397"}],"curies":[{"name":"wp","href":"https:\/\/api.w.org\/{rel}","templated":true}]}}